{"id":1422,"date":"2020-07-28T10:42:42","date_gmt":"2020-07-28T08:42:42","guid":{"rendered":"https:\/\/www.almaar.at\/?page_id=1422"},"modified":"2023-01-27T07:50:55","modified_gmt":"2023-01-27T06:50:55","slug":"included-services-2","status":"publish","type":"page","link":"https:\/\/www.almaar.at\/en\/inklusivleistungen\/","title":{"rendered":"included services"},"content":{"rendered":"<div data-elementor-type=\"wp-page\" data-elementor-id=\"1422\" class=\"elementor elementor-1422\" data-elementor-post-type=\"page\">\n\t\t\t\t<div class=\"elementor-element elementor-element-3f5933c e-flex e-con-boxed e-con e-parent\" data-id=\"3f5933c\" data-element_type=\"container\" data-e-type=\"container\" data-settings=\"{&quot;background_background&quot;:&quot;classic&quot;}\">\n\t\t\t\t\t<div class=\"e-con-inner\">\n\t\t<div class=\"elementor-element elementor-element-444db19 e-con-full e-flex e-con e-child\" data-id=\"444db19\" data-element_type=\"container\" data-e-type=\"container\">\n\t\t\t\t<\/div>\n\t\t\t\t\t<\/div>\n\t\t\t\t<\/div>\n\t\t<div class=\"elementor-element elementor-element-24ee6eb e-flex e-con-boxed e-con e-parent\" data-id=\"24ee6eb\" data-element_type=\"container\" data-e-type=\"container\" data-settings=\"{&quot;background_background&quot;:&quot;classic&quot;}\">\n\t\t\t\t\t<div class=\"e-con-inner\">\n\t\t<div class=\"elementor-element elementor-element-aca8b7d e-con-full e-flex e-con e-child\" data-id=\"aca8b7d\" data-element_type=\"container\" data-e-type=\"container\">\n\t\t\t\t<div class=\"elementor-element elementor-element-0add669 elementor-widget elementor-widget-heading\" data-id=\"0add669\" data-element_type=\"widget\" data-e-type=\"widget\" data-widget_type=\"heading.default\">\n\t\t\t\t<div class=\"elementor-widget-container\">\n\t\t\t\t\t<h2 class=\"elementor-heading-title elementor-size-default\">ALPINE SPA L\u00c4NGENFELD<\/h2>\t\t\t\t<\/div>\n\t\t\t\t<\/div>\n\t\t\t\t<div class=\"elementor-element elementor-element-63c1978 elementor-widget elementor-widget-heading\" data-id=\"63c1978\" data-element_type=\"widget\" data-e-type=\"widget\" data-widget_type=\"heading.default\">\n\t\t\t\t<div class=\"elementor-widget-container\">\n\t\t\t\t\t<h2 class=\"elementor-heading-title elementor-size-default\">Aquadome<\/h2>\t\t\t\t<\/div>\n\t\t\t\t<\/div>\n\t\t\t\t<div class=\"elementor-element elementor-element-f5fe493 elementor-widget elementor-widget-text-editor\" data-id=\"f5fe493\" data-element_type=\"widget\" data-e-type=\"widget\" data-widget_type=\"text-editor.default\">\n\t\t\t\t<div class=\"elementor-widget-container\">\n\t\t\t\t\t\t\t\t\t<p style=\"text-align: left;\">Float weightlessly in the brine bowl and look at imposing three-thousanders: Immerse yourself in our 12 indoor and outdoor pools with 34 - 36\u00b0C warm water. In the lounge oases you will find peace for yourself. Pause for a moment and feel how the element of water inspires your spirit.<\/p><p style=\"text-align: left;\">The most modern and architecturally most impressive spa resort in the Alps in the heart of the \u00d6tztal scores with a futuristic-looking water and sauna world. Whether it&#039;s a spa holiday, a short holiday in Tyrol, relaxing for two, sunshine wellness in summer or a festive moonlight bath: In the atmosphere of our 4-star superior hotel, you can breathe deeply and find new strength.<\/p><ul><li style=\"text-align: left;\">Open throughout the year<\/li><li style=\"text-align: left;\">Water enjoyment on 2,000 m\u00b2<\/li><li style=\"text-align: left;\">childcare<\/li><li style=\"text-align: left;\">Indoor and outdoor<\/li><\/ul><p>\u00a0<\/p><p>As our guest you will receive a 10% discount on your entry to the Aqua Dome L\u00e4ngenfeld.<\/p>\t\t\t\t\t\t\t\t<\/div>\n\t\t\t\t<\/div>\n\t\t\t\t<div class=\"elementor-element elementor-element-1b3d722 elementor-align-justify elementor-widget__width-initial elementor-widget elementor-widget-button\" data-id=\"1b3d722\" data-element_type=\"widget\" data-e-type=\"widget\" data-widget_type=\"button.default\">\n\t\t\t\t<div class=\"elementor-widget-container\">\n\t\t\t\t\t\t\t\t\t<div class=\"elementor-button-wrapper\">\n\t\t\t\t\t<a class=\"elementor-button elementor-button-link elementor-size-sm\" href=\"https:\/\/www.aqua-dome.at\/de\/\" target=\"_blank\" rel=\"noopener\">\n\t\t\t\t\t\t<span class=\"elementor-button-content-wrapper\">\n\t\t\t\t\t\t\t\t\t<span class=\"elementor-button-text\">to the Aqua Dome<\/span>\n\t\t\t\t\t<\/span>\n\t\t\t\t\t<\/a>\n\t\t\t\t<\/div>\n\t\t\t\t\t\t\t\t<\/div>\n\t\t\t\t<\/div>\n\t\t\t\t<\/div>\n\t\t\t\t\t<\/div>\n\t\t\t\t<\/div>\n\t\t<div class=\"elementor-element elementor-element-5aca401 e-flex e-con-boxed e-con e-parent\" data-id=\"5aca401\" data-element_type=\"container\" data-e-type=\"container\" data-settings=\"{&quot;background_background&quot;:&quot;classic&quot;}\">\n\t\t\t\t\t<div class=\"e-con-inner\">\n\t\t<div class=\"elementor-element elementor-element-1d5251c e-con-full e-flex e-con e-child\" data-id=\"1d5251c\" data-element_type=\"container\" data-e-type=\"container\">\n\t\t\t\t<\/div>\n\t\t\t\t\t<\/div>\n\t\t\t\t<\/div>\n\t\t<div class=\"elementor-element elementor-element-491bb8d e-flex e-con-boxed e-con e-parent\" data-id=\"491bb8d\" data-element_type=\"container\" data-e-type=\"container\" data-settings=\"{&quot;background_background&quot;:&quot;classic&quot;}\">\n\t\t\t\t\t<div class=\"e-con-inner\">\n\t\t<div class=\"elementor-element elementor-element-a0f5720 e-con-full e-flex e-con e-child\" data-id=\"a0f5720\" data-element_type=\"container\" data-e-type=\"container\">\n\t\t\t\t<div class=\"elementor-element elementor-element-2719a8d elementor-widget elementor-widget-heading\" data-id=\"2719a8d\" data-element_type=\"widget\" data-e-type=\"widget\" data-widget_type=\"heading.default\">\n\t\t\t\t<div class=\"elementor-widget-container\">\n\t\t\t\t\t<h2 class=\"elementor-heading-title elementor-size-default\">SIMPLY EXPERIENCE MORE OF \u00d6TZTAL\n<\/h2>\t\t\t\t<\/div>\n\t\t\t\t<\/div>\n\t\t\t\t<div class=\"elementor-element elementor-element-9b17803 elementor-widget elementor-widget-heading\" data-id=\"9b17803\" data-element_type=\"widget\" data-e-type=\"widget\" data-widget_type=\"heading.default\">\n\t\t\t\t<div class=\"elementor-widget-container\">\n\t\t\t\t\t<h2 class=\"elementor-heading-title elementor-size-default\">\u00d6tztal Inside Summer Card<\/h2>\t\t\t\t<\/div>\n\t\t\t\t<\/div>\n\t\t\t\t<div class=\"elementor-element elementor-element-2af7832 elementor-widget elementor-widget-text-editor\" data-id=\"2af7832\" data-element_type=\"widget\" data-e-type=\"widget\" data-widget_type=\"text-editor.default\">\n\t\t\t\t<div class=\"elementor-widget-container\">\n\t\t\t\t\t\t\t\t\t<p style=\"text-align: left;\">Regardless of whether it has already been handed out by the accommodation or purchased from one of the sales outlets, with the \u00d6tztal Inside Summer Card you can draw on the full range of possibilities for a diverse and active summer holiday in the \u00d6tztal. Mountain railways, sights, excursion destinations, means of transport, wellness temples, outdoor specialists - the list is long and shows once again: connoisseurs get more out of their holiday in \u00d6tztal.<\/p>\t\t\t\t\t\t\t\t<\/div>\n\t\t\t\t<\/div>\n\t\t\t\t<div class=\"elementor-element elementor-element-cb5930b elementor-widget elementor-widget-accordion\" data-id=\"cb5930b\" data-element_type=\"widget\" data-e-type=\"widget\" data-widget_type=\"accordion.default\">\n\t\t\t\t<div class=\"elementor-widget-container\">\n\t\t\t\t\t\t\t<div class=\"elementor-accordion\">\n\t\t\t\t\t\t\t<div class=\"elementor-accordion-item\">\n\t\t\t\t\t<div id=\"elementor-tab-title-2131\" class=\"elementor-tab-title\" data-tab=\"1\" role=\"button\" aria-controls=\"elementor-tab-content-2131\" aria-expanded=\"false\">\n\t\t\t\t\t\t\t\t\t\t\t\t<a class=\"elementor-accordion-title\" tabindex=\"0\">Cable car hikes in the \u00d6tztal<\/a>\n\t\t\t\t\t<\/div>\n\t\t\t\t\t<div id=\"elementor-tab-content-2131\" class=\"elementor-tab-content elementor-clearfix\" data-tab=\"1\" role=\"region\" aria-labelledby=\"elementor-tab-title-2131\"><p>Experience the &quot;up and down&quot; with the mountain railways &amp; lifts in \u00d6tztal on breathtaking panoramic rides and hike comfortably along wild mountain rivers, quiet mountain lakes or countless high-altitude trails to your individual destination. You can relax on the viewing platforms at 3,000 meters and in the alpine huts, which are worth a trip even in bad weather.<\/p><\/div>\n\t\t\t\t<\/div>\n\t\t\t\t\t\t\t<div class=\"elementor-accordion-item\">\n\t\t\t\t\t<div id=\"elementor-tab-title-2132\" class=\"elementor-tab-title\" data-tab=\"2\" role=\"button\" aria-controls=\"elementor-tab-content-2132\" aria-expanded=\"false\">\n\t\t\t\t\t\t\t\t\t\t\t\t<a class=\"elementor-accordion-title\" tabindex=\"0\">Bathing lake, outdoor pools &amp; indoor pool<\/a>\n\t\t\t\t\t<\/div>\n\t\t\t\t\t<div id=\"elementor-tab-content-2132\" class=\"elementor-tab-content elementor-clearfix\" data-tab=\"2\" role=\"region\" aria-labelledby=\"elementor-tab-title-2132\"><p>Experience the versatility of the \u00d6tztal water and immerse yourself in the comprehensive range of top-class water temples or the action-packed water area of AREA 47, idyllic natural bathing lakes and the refreshing \u00d6tztal outdoor pools. There is no shortage of water fun in the \u00d6tztal, no matter what the weather - because even in bad weather you can put your sliding and diving skills to the test in the indoor adventure pool.<\/p><\/div>\n\t\t\t\t<\/div>\n\t\t\t\t\t\t\t<div class=\"elementor-accordion-item\">\n\t\t\t\t\t<div id=\"elementor-tab-title-2133\" class=\"elementor-tab-title\" data-tab=\"3\" role=\"button\" aria-controls=\"elementor-tab-content-2133\" aria-expanded=\"false\">\n\t\t\t\t\t\t\t\t\t\t\t\t<a class=\"elementor-accordion-title\" tabindex=\"0\">\u00d6tzi Village, Birds of Prey Park, museums &amp; wood carvings<\/a>\n\t\t\t\t\t<\/div>\n\t\t\t\t\t<div id=\"elementor-tab-content-2133\" class=\"elementor-tab-content elementor-clearfix\" data-tab=\"3\" role=\"region\" aria-labelledby=\"elementor-tab-title-2133\"><p style=\"text-align: left;\">Experience a day in the archaeological open-air park, which illustrates the &quot;life, housing and economy in the Stone Age&quot;, the time of the famous \u00d6tzi.<\/p><p style=\"text-align: left;\">Enjoy the spectacular flying skills of the birds of prey in the open-air arena, right next to the \u00d6tzi village. You can get to know the former life and work of the \u00d6tztaler in the local history museum. Picture exhibitions and paintings by different artists are best viewed in the tower museum.<\/p><p style=\"text-align: left;\">Lovers of hand carving can visit the crib exhibition and much more. admire in the woodcarving. In the Top Mountain Motorcycle Museum you will find over 270 historic motorcycles from more than 100 manufacturers on 3,000 m\u00b2.<\/p><\/div>\n\t\t\t\t<\/div>\n\t\t\t\t\t\t\t<div class=\"elementor-accordion-item\">\n\t\t\t\t\t<div id=\"elementor-tab-title-2134\" class=\"elementor-tab-title\" data-tab=\"4\" role=\"button\" aria-controls=\"elementor-tab-content-2134\" aria-expanded=\"false\">\n\t\t\t\t\t\t\t\t\t\t\t\t<a class=\"elementor-accordion-title\" tabindex=\"0\">Pit-Pat facility, miniature golf course &amp; \u00d6tztal Funpark<\/a>\n\t\t\t\t\t<\/div>\n\t\t\t\t\t<div id=\"elementor-tab-content-2134\" class=\"elementor-tab-content elementor-clearfix\" data-tab=\"4\" role=\"region\" aria-labelledby=\"elementor-tab-title-2134\"><p>Those who like to measure themselves with tactics and brains can test their skills with friends or family in the pit-pat &amp; mini-golf course in L\u00e4ngenfeld. In addition to classic mini-golf, the pit-pat course (a popular combination of billiards and mini-golf) challenges your accuracy with tricky obstacles.<\/p><p>Even with an action-packed stay in the \u00d6tztal fun park in Huben, the maximum fun factor is inevitable. Whether on the giant water slides into the splashing water, with cool flips on the spacious trampoline facility or with a balance exercise on the wobbly air bubble - it will be an exciting day for the whole family!<\/p><\/div>\n\t\t\t\t<\/div>\n\t\t\t\t\t\t\t<div class=\"elementor-accordion-item\">\n\t\t\t\t\t<div id=\"elementor-tab-title-2135\" class=\"elementor-tab-title\" data-tab=\"5\" role=\"button\" aria-controls=\"elementor-tab-content-2135\" aria-expanded=\"false\">\n\t\t\t\t\t\t\t\t\t\t\t\t<a class=\"elementor-accordion-title\" tabindex=\"0\">Experience the \u00d6tztal by bike<\/a>\n\t\t\t\t\t<\/div>\n\t\t\t\t\t<div id=\"elementor-tab-content-2135\" class=\"elementor-tab-content elementor-clearfix\" data-tab=\"5\" role=\"region\" aria-labelledby=\"elementor-tab-title-2135\"><p>In addition to many great bike tours, the \u00d6tztal bike path is particularly suitable for seeing the valley from different perspectives! It offers a breathtaking experience of nature far away from traffic and is a real highlight for anyone who wants to experience the diversity of the long side valley! Of course there is a suitable bike for young and old in the participating sports shops to borrow free of charge with the \u00d6tztal Inside Summer Card! Bike transport (cable car) is not included in the cards!<\/p><\/div>\n\t\t\t\t<\/div>\n\t\t\t\t\t\t\t<div class=\"elementor-accordion-item\">\n\t\t\t\t\t<div id=\"elementor-tab-title-2136\" class=\"elementor-tab-title\" data-tab=\"6\" role=\"button\" aria-controls=\"elementor-tab-content-2136\" aria-expanded=\"false\">\n\t\t\t\t\t\t\t\t\t\t\t\t<a class=\"elementor-accordion-title\" tabindex=\"0\">Experience the longest side valley in Tyrol by bus<\/a>\n\t\t\t\t\t<\/div>\n\t\t\t\t\t<div id=\"elementor-tab-content-2136\" class=\"elementor-tab-content elementor-clearfix\" data-tab=\"6\" role=\"region\" aria-labelledby=\"elementor-tab-title-2136\"><p>Numerous stops make it easy to reach the highlights of the \u00d6tztal (incl. bike transport). An absolute must-see are the scenic panoramic roads in high alpine locations. The Timmelsjoch High Alpine Road is probably the most beautiful connection to neighboring Italy, with a magnificent view of the surrounding mountains and valleys. The glacier panorama road leads from the hustle and bustle of the village of S\u00f6lden in scenic hairpin bends up to the foot of the mighty glacier. Due to the breathtaking panorama, the street was chosen as the location for the spectacular chase in the action thriller James Bond SPECTER.<\/p><\/div>\n\t\t\t\t<\/div>\n\t\t\t\t\t\t\t<div class=\"elementor-accordion-item\">\n\t\t\t\t\t<div id=\"elementor-tab-title-2137\" class=\"elementor-tab-title\" data-tab=\"7\" role=\"button\" aria-controls=\"elementor-tab-content-2137\" aria-expanded=\"false\">\n\t\t\t\t\t\t\t\t\t\t\t\t<a class=\"elementor-accordion-title\" tabindex=\"0\">hiking offer<\/a>\n\t\t\t\t\t<\/div>\n\t\t\t\t\t<div id=\"elementor-tab-content-2137\" class=\"elementor-tab-content elementor-clearfix\" data-tab=\"7\" role=\"region\" aria-labelledby=\"elementor-tab-title-2137\"><p>\u00d6tztal Inside Summer Card holders can take part in the diverse themed hikes in the \u00d6tztal Nature Park free of charge at any time. From June to October, the nature guides offer a wide range of guided tours through the flora and fauna of the \u00d6tztal. The offer ranges from easy routes for the whole family to high mountain tours for experienced mountaineers. With the \u00d6tztal Inside Summer Card, mountaineers can climb the peaks of the \u00d6tztal Alps as often as they feel like on holiday.<\/p><\/div>\n\t\t\t\t<\/div>\n\t\t\t\t\t\t\t\t<\/div>\n\t\t\t\t\t\t<\/div>\n\t\t\t\t<\/div>\n\t\t\t\t<div class=\"elementor-element elementor-element-5a7b5b1 elementor-align-justify elementor-mobile-align-justify elementor-widget__width-initial elementor-widget-mobile__width-initial elementor-widget elementor-widget-button\" data-id=\"5a7b5b1\" data-element_type=\"widget\" data-e-type=\"widget\" data-widget_type=\"button.default\">\n\t\t\t\t<div class=\"elementor-widget-container\">\n\t\t\t\t\t\t\t\t\t<div class=\"elementor-button-wrapper\">\n\t\t\t\t\t<a class=\"elementor-button elementor-button-link elementor-size-sm\" href=\"https:\/\/www.oetztal.com\/de\/sommer\/oetztal-premium-card\/oetztal-premium-card.html\" target=\"_blank\" rel=\"noopener\">\n\t\t\t\t\t\t<span class=\"elementor-button-content-wrapper\">\n\t\t\t\t\t\t\t\t\t<span class=\"elementor-button-text\">to the premium card<\/span>\n\t\t\t\t\t<\/span>\n\t\t\t\t\t<\/a>\n\t\t\t\t<\/div>\n\t\t\t\t\t\t\t\t<\/div>\n\t\t\t\t<\/div>\n\t\t\t\t<\/div>\n\t\t\t\t\t<\/div>\n\t\t\t\t<\/div>\n\t\t\t\t<\/div>","protected":false},"excerpt":{"rendered":"<p>ALPEN SPA L\u00c4NGENFELD Aqua Dome Schwerelos in der Soleschale schweben und dabei auf imposante Dreitausender blicken: Tauchen Sie ein in unsere 12 Innen \u2013 und Au\u00dfenbecken mit 34 \u2013 36\u00b0C warmen Wasser. In den Lounge-Oasen finden Sie Ruhe f\u00fcr sich. Halten Sie einen Moment inne und sp\u00fcren Sie, wie das Element Wasser Ihren Geist befl\u00fcgelt. [&hellip;]<\/p>\n","protected":false},"author":1,"featured_media":0,"parent":0,"menu_order":5,"comment_status":"closed","ping_status":"closed","template":"elementor_header_footer","meta":{"iawp_total_views":142,"footnotes":""},"class_list":["post-1422","page","type-page","status-publish","hentry"],"_links":{"self":[{"href":"https:\/\/www.almaar.at\/en\/wp-json\/wp\/v2\/pages\/1422","targetHints":{"allow":["GET"]}}],"collection":[{"href":"https:\/\/www.almaar.at\/en\/wp-json\/wp\/v2\/pages"}],"about":[{"href":"https:\/\/www.almaar.at\/en\/wp-json\/wp\/v2\/types\/page"}],"author":[{"embeddable":true,"href":"https:\/\/www.almaar.at\/en\/wp-json\/wp\/v2\/users\/1"}],"replies":[{"embeddable":true,"href":"https:\/\/www.almaar.at\/en\/wp-json\/wp\/v2\/comments?post=1422"}],"version-history":[{"count":59,"href":"https:\/\/www.almaar.at\/en\/wp-json\/wp\/v2\/pages\/1422\/revisions"}],"predecessor-version":[{"id":4627,"href":"https:\/\/www.almaar.at\/en\/wp-json\/wp\/v2\/pages\/1422\/revisions\/4627"}],"wp:attachment":[{"href":"https:\/\/www.almaar.at\/en\/wp-json\/wp\/v2\/media?parent=1422"}],"curies":[{"name":"wp","href":"https:\/\/api.w.org\/{rel}","templated":true}]}}