{"id":1165,"date":"2020-07-24T11:13:16","date_gmt":"2020-07-24T09:13:16","guid":{"rendered":"https:\/\/www.almaar.at\/?page_id=1165"},"modified":"2024-12-10T08:35:47","modified_gmt":"2024-12-10T07:35:47","slug":"imprint-2","status":"publish","type":"page","link":"https:\/\/www.almaar.at\/en\/impressum\/","title":{"rendered":"imprint"},"content":{"rendered":"<div data-elementor-type=\"wp-page\" data-elementor-id=\"1165\" class=\"elementor elementor-1165\" data-elementor-post-type=\"page\">\n\t\t\t\t<div class=\"elementor-element elementor-element-27be0ab e-flex e-con-boxed e-con e-parent\" data-id=\"27be0ab\" data-element_type=\"container\" data-e-type=\"container\" data-settings=\"{&quot;background_background&quot;:&quot;classic&quot;}\">\n\t\t\t\t\t<div class=\"e-con-inner\">\n\t\t<div class=\"elementor-element elementor-element-5f4a0ae e-con-full e-flex e-con e-child\" data-id=\"5f4a0ae\" data-element_type=\"container\" data-e-type=\"container\">\n\t\t\t\t<div class=\"elementor-element elementor-element-1e4d415 elementor-widget elementor-widget-text-editor\" data-id=\"1e4d415\" data-element_type=\"widget\" data-e-type=\"widget\" data-widget_type=\"text-editor.default\">\n\t\t\t\t<div class=\"elementor-widget-container\">\n\t\t\t\t\t\t\t\t\t<div class=\"headerbig withdistance aos-init aos-animate\" data-aos=\"fade-up\" data-aos-duration=\"1500\" data-aos-delay=\"300\" data-aos-offset=\"0\"><h3>F\u00fcr den Inhalt verantwortlich<\/h3><\/div><p>Paula Pult<br \/>Huben 164<br \/>A-6444 L\u00e4ngenfeld<\/p><p>+436642053331<br \/><a href=\"mailto:office@almaar.at\">office@almaar.at<\/a><br \/><a href=\"http:\/\/www.almaar.at\/en\/\" target=\"_blank\" rel=\"noopener\">www.almaar.at<\/a><\/p><p>Umsatzsteuer-ID:<br \/>Registereintragung:<\/p><p>\u00a0<\/p><h2>Web-Konzept, Design &amp; Programmierung<\/h2><p>Andreas Eberman<br \/>WERBUNG &amp; FOTOGRAFIE<br \/>Sandgasse 42<br \/>A-6441 Umhausen<\/p><p>+43 664 8898 8654<br \/><a href=\"mailto:office@andreasebermann.at\">office@andreasebermann.at<\/a><br \/><a href=\"http:\/\/www.andreasebermann.at\" target=\"_blank\" rel=\"noopener\">www.andreasebermann.at<\/a><\/p><p>\u00a0<\/p><div class=\"headerbig aos-init aos-animate\" data-aos=\"fade-up\" data-aos-duration=\"1500\" data-aos-delay=\"300\" data-aos-offset=\"0\"><h2>BILDQUELLEN- &amp; RECHTE<\/h2><\/div><div class=\"grundtext text hell withdistance aos-init aos-animate\" data-aos=\"fade-up\" data-aos-duration=\"1500\" data-aos-delay=\"400\" data-aos-offset=\"0\">\u00a0<\/div><p>\u00d6tztal Tourismus, Andreas Ebermann, Freepiks<\/p><h2>DATA PROTECTION<\/h2><p>Ausf\u00fchrliche Informationen zum Datenschutz finden Sie in unserer<br \/><a href=\"https:\/\/www.almaar.at\/en\/privacy-2\/\">Datenschutzerkl\u00e4rung<\/a>.<\/p>\t\t\t\t\t\t\t\t<\/div>\n\t\t\t\t<\/div>\n\t\t\t\t<\/div>\n\t\t\t\t\t<\/div>\n\t\t\t\t<\/div>\n\t\t\t\t<\/div>","protected":false},"excerpt":{"rendered":"<p>F\u00fcr den Inhalt verantwortlich Paula PultHuben 164A-6444 L\u00e4ngenfeld +436642053331office@almaar.atwww.almaar.at Umsatzsteuer-ID:Registereintragung: \u00a0 Web-Konzept, Design &amp; Programmierung Andreas EbermannWERBUNG &amp; FOTOGRAFIESandgasse 42A-6441 Umhausen +43 664 8898 8654office@andreasebermann.atwww.andreasebermann.at \u00a0 BILDQUELLEN- &amp; RECHTE \u00a0 \u00d6tztal Tourismus, Andreas Ebermann, Freepiks DATENSCHUTZ Ausf\u00fchrliche Informationen zum Datenschutz finden Sie in unsererDatenschutzerkl\u00e4rung.<\/p>","protected":false},"author":1,"featured_media":0,"parent":0,"menu_order":11,"comment_status":"closed","ping_status":"closed","template":"elementor_header_footer","meta":{"iawp_total_views":94,"footnotes":""},"class_list":["post-1165","page","type-page","status-publish","hentry"],"_links":{"self":[{"href":"https:\/\/www.almaar.at\/en\/wp-json\/wp\/v2\/pages\/1165","targetHints":{"allow":["GET"]}}],"collection":[{"href":"https:\/\/www.almaar.at\/en\/wp-json\/wp\/v2\/pages"}],"about":[{"href":"https:\/\/www.almaar.at\/en\/wp-json\/wp\/v2\/types\/page"}],"author":[{"embeddable":true,"href":"https:\/\/www.almaar.at\/en\/wp-json\/wp\/v2\/users\/1"}],"replies":[{"embeddable":true,"href":"https:\/\/www.almaar.at\/en\/wp-json\/wp\/v2\/comments?post=1165"}],"version-history":[{"count":55,"href":"https:\/\/www.almaar.at\/en\/wp-json\/wp\/v2\/pages\/1165\/revisions"}],"predecessor-version":[{"id":5231,"href":"https:\/\/www.almaar.at\/en\/wp-json\/wp\/v2\/pages\/1165\/revisions\/5231"}],"wp:attachment":[{"href":"https:\/\/www.almaar.at\/en\/wp-json\/wp\/v2\/media?parent=1165"}],"curies":[{"name":"wp","href":"https:\/\/api.w.org\/{rel}","templated":true}]}}