{"id":1079,"date":"2020-07-23T14:54:17","date_gmt":"2020-07-23T12:54:17","guid":{"rendered":"https:\/\/www.almaar.at\/?page_id=1079"},"modified":"2023-01-27T13:34:58","modified_gmt":"2023-01-27T12:34:58","slug":"active-in-summer-2","status":"publish","type":"page","link":"https:\/\/www.almaar.at\/en\/aktiv-almaar\/","title":{"rendered":"active"},"content":{"rendered":"\t\t<div data-elementor-type=\"wp-page\" data-elementor-id=\"1079\" class=\"elementor elementor-1079\" data-elementor-post-type=\"page\">\n\t\t\t\t<div class=\"elementor-element elementor-element-e3b6d2f e-flex e-con-boxed e-con e-parent\" data-id=\"e3b6d2f\" data-element_type=\"container\" data-e-type=\"container\" data-settings=\"{&quot;background_background&quot;:&quot;classic&quot;}\">\n\t\t\t\t\t<div class=\"e-con-inner\">\n\t\t<div class=\"elementor-element elementor-element-e16aa5a e-con-full e-flex e-con e-child\" data-id=\"e16aa5a\" data-element_type=\"container\" data-e-type=\"container\">\n\t\t\t\t<div class=\"elementor-element elementor-element-ef5a17b elementor-widget elementor-widget-heading\" data-id=\"ef5a17b\" data-element_type=\"widget\" data-e-type=\"widget\" data-widget_type=\"heading.default\">\n\t\t\t\t<div class=\"elementor-widget-container\">\n\t\t\t\t\t<h2 class=\"elementor-heading-title elementor-size-default\">AKTIV IM SOMMER<\/h2>\t\t\t\t<\/div>\n\t\t\t\t<\/div>\n\t\t\t\t<div class=\"elementor-element elementor-element-b091bd7 elementor-widget elementor-widget-heading\" data-id=\"b091bd7\" data-element_type=\"widget\" data-e-type=\"widget\" data-widget_type=\"heading.default\">\n\t\t\t\t<div class=\"elementor-widget-container\">\n\t\t\t\t\t<h2 class=\"elementor-heading-title elementor-size-default\">SOMMERGL\u00dcCK\nUND GIPFELZEIT\nIM TAL DER\nDREITAUSENDER<\/h2>\t\t\t\t<\/div>\n\t\t\t\t<\/div>\n\t\t\t\t<div class=\"elementor-element elementor-element-23a3eaf elementor-widget elementor-widget-text-editor\" data-id=\"23a3eaf\" data-element_type=\"widget\" data-e-type=\"widget\" data-widget_type=\"text-editor.default\">\n\t\t\t\t<div class=\"elementor-widget-container\">\n\t\t\t\t\t\t\t\t\t<p>Von Sonnenaufg\u00e4ngen, kurzen Bergausfl\u00fcgen, k\u00f6stlichsten Almjausen, imposanten Gipfelbesteigungen, rasanten Trails und Abfahrten bis hin zu Aufstiegshilfen, die einen den Ausblick in die hochalpine Kulisse ohne Anstrengung erleben lassen.<\/p><p>Bergsommer in seiner ganzen Vielfalt \u2013 die \u00d6tztaler Berge sind voller Abenteuer.Dazu gibt\u2019s tiefblauen Himmel, gr\u00fcne Wiesen und glasklare Bergluft. L\u00e4ngenfeld uns S\u00f6lden sind auch im Sommer ein echtes Highlight und bietet Abenteurern zahlreiche Aktiverlebnisse.<\/p>\t\t\t\t\t\t\t\t<\/div>\n\t\t\t\t<\/div>\n\t\t\t\t<\/div>\n\t\t\t\t\t<\/div>\n\t\t\t\t<\/div>\n\t\t<div class=\"elementor-element elementor-element-a68490b e-flex e-con-boxed e-con e-parent\" data-id=\"a68490b\" data-element_type=\"container\" data-e-type=\"container\" data-settings=\"{&quot;background_background&quot;:&quot;classic&quot;}\">\n\t\t\t\t\t<div class=\"e-con-inner\">\n\t\t<div class=\"elementor-element elementor-element-4fc65f1 e-con-full e-flex e-con e-child\" data-id=\"4fc65f1\" data-element_type=\"container\" data-e-type=\"container\" data-settings=\"{&quot;background_background&quot;:&quot;slideshow&quot;,&quot;background_slideshow_gallery&quot;:[{&quot;id&quot;:3551,&quot;url&quot;:&quot;https:\\\/\\\/www.almaar.at\\\/wp-content\\\/uploads\\\/2021\\\/07\\\/laeng_klettern_09_09.jpg&quot;}],&quot;background_slideshow_loop&quot;:&quot;yes&quot;,&quot;background_slideshow_slide_duration&quot;:5000,&quot;background_slideshow_slide_transition&quot;:&quot;fade&quot;,&quot;background_slideshow_transition_duration&quot;:500}\">\n\t\t\t\t<\/div>\n\t\t\t\t\t<\/div>\n\t\t\t\t<\/div>\n\t\t<div class=\"elementor-element elementor-element-c0f4f42 e-flex e-con-boxed e-con e-parent\" data-id=\"c0f4f42\" data-element_type=\"container\" data-e-type=\"container\" data-settings=\"{&quot;background_background&quot;:&quot;classic&quot;}\">\n\t\t\t\t\t<div class=\"e-con-inner\">\n\t\t<div class=\"elementor-element elementor-element-3a854c4 e-con-full e-flex e-con e-child\" data-id=\"3a854c4\" data-element_type=\"container\" data-e-type=\"container\">\n\t\t\t\t<div class=\"elementor-element elementor-element-e146ae3 elementor-widget elementor-widget-heading\" data-id=\"e146ae3\" data-element_type=\"widget\" data-e-type=\"widget\" data-widget_type=\"heading.default\">\n\t\t\t\t<div class=\"elementor-widget-container\">\n\t\t\t\t\t<h2 class=\"elementor-heading-title elementor-size-default\">AKTIV IM WINTER<\/h2>\t\t\t\t<\/div>\n\t\t\t\t<\/div>\n\t\t\t\t<div class=\"elementor-element elementor-element-6c1f9f6 elementor-widget elementor-widget-heading\" data-id=\"6c1f9f6\" data-element_type=\"widget\" data-e-type=\"widget\" data-widget_type=\"heading.default\">\n\t\t\t\t<div class=\"elementor-widget-container\">\n\t\t\t\t\t<h2 class=\"elementor-heading-title elementor-size-default\">DIE VIELFALT\nDES \u00d6TZTALS \u2013\nEINFACH MEHR ERLEBEN<\/h2>\t\t\t\t<\/div>\n\t\t\t\t<\/div>\n\t\t\t\t<div class=\"elementor-element elementor-element-9669043 elementor-widget elementor-widget-text-editor\" data-id=\"9669043\" data-element_type=\"widget\" data-e-type=\"widget\" data-widget_type=\"text-editor.default\">\n\t\t\t\t<div class=\"elementor-widget-container\">\n\t\t\t\t\t\t\t\t\t<p>S\u00f6lden, im Herzen des \u00d6tztals, geh\u00f6rt zu den bekanntesten und besten Skigebieten der Alpen. Aus gutem Grund, denn dank der H\u00f6henlage von 1.350 bis 3.340 Meter, den zwei Gletschern und modernster Bahnen und Lifte sowie der k\u00fcnstlichen Beschneiung steht einem schneesicheren Skiurlaub der Extraklasse nichts mehr im Wege.<\/p><p>144 km frisch pr\u00e4parierte Pisten f\u00fcr Anf\u00e4nger, Fortgeschrittene und Profis laden zum Skifahren und Snowboarden ein. Besonders reizvoll: S\u00f6lden verf\u00fcgt als einziges Skigebiet \u00d6sterreichs \u00fcber drei Dreitausender-Gipfel (BIG3) mit spektakul\u00e4ren, per Lift erschlossenen Aussichtsplattformen \u2013 hier sind Wow-Momente garantiert!<\/p><p>Am Gipfel des Gaislachkogls befindet sich zudem auch die James Bond Installation 007 Elements \u2013 eine cineastische Installation, in der sich alles rund um die Welt von James Bond dreht.<\/p>\t\t\t\t\t\t\t\t<\/div>\n\t\t\t\t<\/div>\n\t\t\t\t<\/div>\n\t\t\t\t\t<\/div>\n\t\t\t\t<\/div>\n\t\t\t\t<\/div>\n\t\t","protected":false},"excerpt":{"rendered":"<p>AKTIV IM SOMMER SOMMERGL\u00dcCK UND GIPFELZEIT IM TAL DER DREITAUSENDER Von Sonnenaufg\u00e4ngen, kurzen Bergausfl\u00fcgen, k\u00f6stlichsten Almjausen, imposanten Gipfelbesteigungen, rasanten Trails und Abfahrten bis hin zu Aufstiegshilfen, die einen den Ausblick in die hochalpine Kulisse ohne Anstrengung erleben lassen. Bergsommer in seiner ganzen Vielfalt \u2013 die \u00d6tztaler Berge sind voller Abenteuer.Dazu gibt\u2019s tiefblauen Himmel, gr\u00fcne Wiesen [&hellip;]<\/p>\n","protected":false},"author":1,"featured_media":0,"parent":0,"menu_order":6,"comment_status":"closed","ping_status":"closed","template":"elementor_header_footer","meta":{"iawp_total_views":60,"footnotes":""},"class_list":["post-1079","page","type-page","status-publish","hentry"],"_links":{"self":[{"href":"https:\/\/www.almaar.at\/en\/wp-json\/wp\/v2\/pages\/1079","targetHints":{"allow":["GET"]}}],"collection":[{"href":"https:\/\/www.almaar.at\/en\/wp-json\/wp\/v2\/pages"}],"about":[{"href":"https:\/\/www.almaar.at\/en\/wp-json\/wp\/v2\/types\/page"}],"author":[{"embeddable":true,"href":"https:\/\/www.almaar.at\/en\/wp-json\/wp\/v2\/users\/1"}],"replies":[{"embeddable":true,"href":"https:\/\/www.almaar.at\/en\/wp-json\/wp\/v2\/comments?post=1079"}],"version-history":[{"count":52,"href":"https:\/\/www.almaar.at\/en\/wp-json\/wp\/v2\/pages\/1079\/revisions"}],"predecessor-version":[{"id":5023,"href":"https:\/\/www.almaar.at\/en\/wp-json\/wp\/v2\/pages\/1079\/revisions\/5023"}],"wp:attachment":[{"href":"https:\/\/www.almaar.at\/en\/wp-json\/wp\/v2\/media?parent=1079"}],"curies":[{"name":"wp","href":"https:\/\/api.w.org\/{rel}","templated":true}]}}